{"id":1825,"date":"2017-02-27T21:36:38","date_gmt":"2017-02-27T21:36:38","guid":{"rendered":"http:\/\/theme.visualmodo.com\/food\/?page_id=1825"},"modified":"2019-09-24T18:10:49","modified_gmt":"2019-09-24T16:10:49","slug":"about","status":"publish","type":"page","link":"https:\/\/erlebnisbox.at\/?page_id=1825","title":{"rendered":"\u00dcber uns"},"content":{"rendered":"[vc_row full_width=&#8220;stretch_row&#8220; css=&#8220;.vc_custom_1488061553607{padding-top: 100px !important;padding-bottom: 100px !important;background-color: #ebebeb !important;}&#8220;][vc_column width=&#8220;1\/6&#8243;][\/vc_column][vc_column width=&#8220;2\/3&#8243;][vc_custom_heading text=&#8220;Unsere Geschichte&#8220; font_container=&#8220;tag:h2|font_size:50px|text_align:center|line_height:1&#8243; use_theme_fonts=&#8220;yes&#8220; css_animation=&#8220;None&#8220; css=&#8220;.vc_custom_1569340521534{padding-bottom: 50px !important;}&#8220;][vc_column_text css_animation=&#8220;None&#8220;]\n<p style=\"text-align: center; font-size: 24px; line-height: 32px;\">Seit 1967 der Treffpunkt f\u00fcr alle Sportfans.<\/p>\n<p>Hier wird Gastfreundschaft noch gross geschrieben.<\/p>\n<p>Mit einem ehemaligen Eishockey Crack als Betreiber,dem noch immer pures Eishockey durch die Blutbahn schiesst und einem Personal das versucht jeden Wunsch aller G\u00e4ste bis zur Perfektion zu erf\u00fcllen, sind sie hier bestens aufgehoben um in Ruhe und in Gesellschaft ihre Lieblingssportart zu verfolgen,Geburtstagsfeiern auszutragen oder sich bei einem k\u00f6stlichen Kaffee optimal auf den Tag vorzubereiten.[\/vc_column_text][\/vc_column][vc_column width=&#8220;1\/6&#8243;][\/vc_column][\/vc_row][vc_row full_width=&#8220;stretch_row&#8220; bg_type=&#8220;bg_color&#8220; seperator_enable=&#8220;seperator_enable_value&#8220; seperator_type=&#8220;round_split_seperator&#8220; seperator_position=&#8220;top_bottom_seperator&#8220; seperator_shape_background=&#8220;#ebebeb&#8220; css=&#8220;.vc_custom_1488061361079{padding-top: 150px !important;padding-bottom: 150px !important;}&#8220; bg_color_value=&#8220;#ffffff&#8220;][vc_column width=&#8220;1\/3&#8243;][ve_icon icon_alignment=&#8220;center&#8220; icon=&#8220;food-019&#8243; icon_size=&#8220;55px&#8220;][vc_column_text]\n<h2 style=\"text-align: center;\"><span style=\"color: #6f4e37;\">1998<\/span><\/h2>\n[\/vc_column_text][vc_column_text css_animation=&#8220;None&#8220;]\n<p style=\"text-align: center; font-size: 17px; line-height: 28px;\">Opens Osteria Francescana, Via Stella 22 Modena Italy<\/p>\n[\/vc_column_text][\/vc_column][vc_column width=&#8220;1\/3&#8243;][ve_icon icon_alignment=&#8220;center&#8220; icon=&#8220;food-040&#8243; icon_size=&#8220;55px&#8220;][vc_column_text]\n<h2 style=\"text-align: center;\"><span style=\"color: #6f4e37;\">2006<\/span><\/h2>\n[\/vc_column_text][vc_column_text css_animation=&#8220;None&#8220;]\n<p style=\"text-align: center; font-size: 17px; line-height: 28px;\">Michelin Guide One-Michelin-Star. Gambero Rosso Up and Coming Chef Award.<\/p>\n[\/vc_column_text][\/vc_column][vc_column width=&#8220;1\/3&#8243;][ve_icon icon_alignment=&#8220;center&#8220; icon=&#8220;food-svg_cook-hat&#8220; icon_size=&#8220;55px&#8220;][vc_column_text]\n<h2 style=\"text-align: center;\"><span style=\"color: #6f4e37;\">2018<\/span><\/h2>\n[\/vc_column_text][vc_column_text css_animation=&#8220;None&#8220;]\n<p style=\"text-align: center; font-size: 17px; line-height: 28px;\">The world\u2019s 50 restaurants 1st best restaurant in the world.<\/p>\n[\/vc_column_text][\/vc_column][\/vc_row][vc_row full_width=&#8220;stretch_row&#8220; gap=&#8220;25&#8243; equal_height=&#8220;yes&#8220; content_placement=&#8220;middle&#8220; css=&#8220;.vc_custom_1540335075780{padding-top: 30px !important;background-color: #ebebeb !important;}&#8220;][vc_column width=&#8220;1\/2&#8243;][vc_custom_heading text=&#8220;Unsere Spezialit\u00e4ten&#8220; font_container=&#8220;tag:h2|font_size:40px|text_align:left|line_height:1&#8243; use_theme_fonts=&#8220;yes&#8220; css_animation=&#8220;None&#8220;][vc_column_text css_animation=&#8220;None&#8220;]\n<p style=\"font-size: 17px; line-height: 28px;\">Verw\u00f6hnen sie Ihren Gaumen mit Spezialit\u00e4ten wie einer k\u00f6stlichen Pizza oder frischgemahlenen Kaffee,fast so als ob sie in Italien w\u00e4ren.<\/p>\n[\/vc_column_text][vc_btn title=&#8220;Zur Speisekarte&#8220; style=&#8220;flat&#8220; shape=&#8220;square&#8220; color=&#8220;white&#8220; size=&#8220;lg&#8220; align=&#8220;left&#8220; css_animation=&#8220;bounceIn&#8220; link=&#8220;url:https%3A%2F%2Ftheme.visualmodo.com%2Fcafe%2Four-menu%2F|||&#8220;][\/vc_column][vc_column width=&#8220;1\/2&#8243;][vc_basic_grid post_type=&#8220;portfolio&#8220; max_items=&#8220;4&#8243; element_width=&#8220;6&#8243; gap=&#8220;10&#8243; order=&#8220;ASC&#8220; item=&#8220;masonryMedia_ScaleWithRotationLight&#8220; grid_id=&#8220;vc_gid:1569341304695-f4eb914b-8a16-5&#8243;][\/vc_column][\/vc_row][vc_row full_width=&#8220;stretch_row&#8220; gap=&#8220;25&#8243; equal_height=&#8220;yes&#8220; content_placement=&#8220;middle&#8220; css=&#8220;.vc_custom_1540335430979{margin-top: 0px !important;margin-bottom: 0px !important;border-top-width: 0px !important;border-bottom-width: 0px !important;padding-top: 0px !important;padding-bottom: 0px !important;background-color: #ebebeb !important;}&#8220;][vc_column][vc_separator color=&#8220;custom&#8220; accent_color=&#8220;#cecece&#8220;][\/vc_column][\/vc_row][vc_row full_width=&#8220;stretch_row&#8220; gap=&#8220;25&#8243; equal_height=&#8220;yes&#8220; content_placement=&#8220;middle&#8220; css=&#8220;.vc_custom_1540335622628{padding-bottom: 80px !important;background-color: #ebebeb !important;}&#8220;][vc_column width=&#8220;1\/2&#8243;][vc_basic_grid post_type=&#8220;post&#8220; max_items=&#8220;2&#8243; element_width=&#8220;6&#8243; gap=&#8220;10&#8243; order=&#8220;ASC&#8220; item=&#8220;basicGrid_NoAnimation&#8220; grid_id=&#8220;vc_gid:1569341304699-44e466d1-ac2e-10&#8243;][\/vc_column][vc_column width=&#8220;1\/2&#8243;][vc_custom_heading text=&#8220;Neuigkeiten &amp; Veranstaltungen&#8220; font_container=&#8220;tag:h2|font_size:40px|text_align:left|line_height:1&#8243; use_theme_fonts=&#8220;yes&#8220; css_animation=&#8220;None&#8220;][vc_column_text css_animation=&#8220;None&#8220;]EBEL Heimspiel EC Panaceo VSV<\/p>\n<p>Freitag,den 27.09.2019<\/p>\n<p>19:15 Uhr[\/vc_column_text][\/vc_column][\/vc_row][vc_row css=&#8220;.vc_custom_1539822729915{padding-top: 70px !important;}&#8220;][vc_column width=&#8220;1\/4&#8243;][\/vc_column][vc_column width=&#8220;1\/2&#8243;][vc_custom_heading text=&#8220;Awards&#8220; font_container=&#8220;tag:h2|font_size:50px|text_align:center|line_height:1&#8243; use_theme_fonts=&#8220;yes&#8220; css_animation=&#8220;None&#8220;][vc_column_text css_animation=&#8220;None&#8220;]\n<p style=\"text-align: center; font-size: 17px; line-height: 28px;\">In July 2018, Ramsay won the Catey award for \u201cIndependent Restaurateur of the Year\u201d, becoming only the third person to have won three Catey awards.<\/p>\n[\/vc_column_text][\/vc_column][vc_column width=&#8220;1\/4&#8243;][\/vc_column][\/vc_row][vc_row css=&#8220;.vc_custom_1539822601844{padding-top: 50px !important;padding-bottom: 30px !important;}&#8220;][vc_column width=&#8220;1\/5&#8243;][vc_single_image image=&#8220;2752&#8243; img_size=&#8220;full&#8220;][\/vc_column][vc_column width=&#8220;1\/5&#8243;][vc_single_image image=&#8220;2751&#8243; img_size=&#8220;full&#8220;][\/vc_column][vc_column width=&#8220;1\/5&#8243;][vc_single_image image=&#8220;2750&#8243; img_size=&#8220;full&#8220;][\/vc_column][vc_column width=&#8220;1\/5&#8243;][vc_single_image image=&#8220;2753&#8243; img_size=&#8220;full&#8220;][\/vc_column][vc_column width=&#8220;1\/5&#8243;][vc_single_image image=&#8220;2754&#8243; img_size=&#8220;full&#8220;][\/vc_column][\/vc_row]\n","protected":false},"excerpt":{"rendered":"<p>[vc_row full_width=&#8220;stretch_row&#8220; css=&#8220;.vc_custom_1488061553607{padding-top: 100px !important;padding-bottom: 100px !important;background-color: #ebebeb !important;}&#8220;][vc_column width=&#8220;1\/6&#8243;][\/vc_column][vc_column width=&#8220;2\/3&#8243;][vc_custom_heading text=&#8220;Unsere Geschichte&#8220; font_container=&#8220;tag:h2|font_size:50px|text_align:center|line_height:1&#8243; use_theme_fonts=&#8220;yes&#8220; css_animation=&#8220;None&#8220; css=&#8220;.vc_custom_1569340521534{padding-bottom: 50px !important;}&#8220;][vc_column_text css_animation=&#8220;None&#8220;] Seit 1967 der Treffpunkt f\u00fcr alle Sportfans. Hier wird Gastfreundschaft noch gross geschrieben. Mit einem ehemaligen Eishockey Crack als Betreiber,dem noch immer pures Eishockey durch die Blutbahn schiesst und einem Personal das versucht jeden Wunsch aller G\u00e4ste bis zur Perfektion zu erf\u00fcllen, sind sie hier bestens aufgehoben um in Ruhe und in Gesellschaft ihre Lieblingssportart zu verfolgen,Geburtstagsfeiern auszutragen oder sich bei einem k\u00f6stlichen Kaffee optimal auf den Tag vorzubereiten.[\/vc_column_text][\/vc_column][vc_column width=&#8220;1\/6&#8243;][\/vc_column][\/vc_row][vc_row full_width=&#8220;stretch_row&#8220; bg_type=&#8220;bg_color&#8220; seperator_enable=&#8220;seperator_enable_value&#8220; seperator_type=&#8220;round_split_seperator&#8220; seperator_position=&#8220;top_bottom_seperator&#8220; seperator_shape_background=&#8220;#ebebeb&#8220; css=&#8220;.vc_custom_1488061361079{padding-top: 150px !important;padding-bottom: 150px !important;}&#8220; bg_color_value=&#8220;#ffffff&#8220;][vc_column width=&#8220;1\/3&#8243;][ve_icon icon_alignment=&#8220;center&#8220; icon=&#8220;food-019&#8243; icon_size=&#8220;55px&#8220;][vc_column_text] 1998 [\/vc_column_text][vc_column_text css_animation=&#8220;None&#8220;] Opens Osteria Francescana, Via Stella 22 Modena Italy [\/vc_column_text][\/vc_column][vc_column width=&#8220;1\/3&#8243;][ve_icon icon_alignment=&#8220;center&#8220; icon=&#8220;food-040&#8243; icon_size=&#8220;55px&#8220;][vc_column_text] 2006 [\/vc_column_text][vc_column_text css_animation=&#8220;None&#8220;] Michelin Guide One-Michelin-Star. Gambero Rosso Up and Coming Chef Award. [\/vc_column_text][\/vc_column][vc_column width=&#8220;1\/3&#8243;][ve_icon icon_alignment=&#8220;center&#8220; icon=&#8220;food-svg_cook-hat&#8220; icon_size=&#8220;55px&#8220;][vc_column_text] 2018 [\/vc_column_text][vc_column_text css_animation=&#8220;None&#8220;] The world\u2019s 50 restaurants 1st best restaurant in the world. [\/vc_column_text][\/vc_column][\/vc_row][vc_row full_width=&#8220;stretch_row&#8220; gap=&#8220;25&#8243; equal_height=&#8220;yes&#8220; content_placement=&#8220;middle&#8220; css=&#8220;.vc_custom_1540335075780{padding-top: 30px !important;background-color: #ebebeb !important;}&#8220;][vc_column width=&#8220;1\/2&#8243;][vc_custom_heading text=&#8220;Unsere Spezialit\u00e4ten&#8220; font_container=&#8220;tag:h2|font_size:40px|text_align:left|line_height:1&#8243; use_theme_fonts=&#8220;yes&#8220; css_animation=&#8220;None&#8220;][vc_column_text css_animation=&#8220;None&#8220;] Verw\u00f6hnen sie Ihren Gaumen mit Spezialit\u00e4ten wie einer k\u00f6stlichen Pizza oder frischgemahlenen Kaffee,fast so als ob sie in Italien w\u00e4ren. [\/vc_column_text][vc_btn title=&#8220;Zur Speisekarte&#8220; style=&#8220;flat&#8220; shape=&#8220;square&#8220; color=&#8220;white&#8220; size=&#8220;lg&#8220; align=&#8220;left&#8220; css_animation=&#8220;bounceIn&#8220; link=&#8220;url:https%3A%2F%2Ftheme.visualmodo.com%2Fcafe%2Four-menu%2F|||&#8220;][\/vc_column][vc_column width=&#8220;1\/2&#8243;][vc_basic_grid post_type=&#8220;portfolio&#8220; max_items=&#8220;4&#8243; element_width=&#8220;6&#8243; gap=&#8220;10&#8243; order=&#8220;ASC&#8220; item=&#8220;masonryMedia_ScaleWithRotationLight&#8220; grid_id=&#8220;vc_gid:1569341304695-f4eb914b-8a16-5&#8243;][\/vc_column][\/vc_row][vc_row full_width=&#8220;stretch_row&#8220; gap=&#8220;25&#8243; equal_height=&#8220;yes&#8220; content_placement=&#8220;middle&#8220; css=&#8220;.vc_custom_1540335430979{margin-top: 0px !important;margin-bottom: 0px !important;border-top-width: 0px !important;border-bottom-width: 0px !important;padding-top: 0px !important;padding-bottom: 0px !important;background-color: #ebebeb !important;}&#8220;][vc_column][vc_separator color=&#8220;custom&#8220; accent_color=&#8220;#cecece&#8220;][\/vc_column][\/vc_row][vc_row full_width=&#8220;stretch_row&#8220; gap=&#8220;25&#8243; equal_height=&#8220;yes&#8220; content_placement=&#8220;middle&#8220; css=&#8220;.vc_custom_1540335622628{padding-bottom: 80px !important;background-color: #ebebeb !important;}&#8220;][vc_column width=&#8220;1\/2&#8243;][vc_basic_grid post_type=&#8220;post&#8220; max_items=&#8220;2&#8243; element_width=&#8220;6&#8243; gap=&#8220;10&#8243; order=&#8220;ASC&#8220; item=&#8220;basicGrid_NoAnimation&#8220; grid_id=&#8220;vc_gid:1569341304699-44e466d1-ac2e-10&#8243;][\/vc_column][vc_column width=&#8220;1\/2&#8243;][vc_custom_heading text=&#8220;Neuigkeiten &amp; Veranstaltungen&#8220; font_container=&#8220;tag:h2|font_size:40px|text_align:left|line_height:1&#8243; use_theme_fonts=&#8220;yes&#8220; css_animation=&#8220;None&#8220;][vc_column_text css_animation=&#8220;None&#8220;]EBEL Heimspiel EC Panaceo VSV Freitag,den 27.09.2019 19:15 Uhr[\/vc_column_text][\/vc_column][\/vc_row][vc_row css=&#8220;.vc_custom_1539822729915{padding-top: 70px !important;}&#8220;][vc_column width=&#8220;1\/4&#8243;][\/vc_column][vc_column width=&#8220;1\/2&#8243;][vc_custom_heading text=&#8220;Awards&#8220; font_container=&#8220;tag:h2|font_size:50px|text_align:center|line_height:1&#8243; use_theme_fonts=&#8220;yes&#8220; css_animation=&#8220;None&#8220;][vc_column_text css_animation=&#8220;None&#8220;] In July 2018, Ramsay won the Catey award for \u201cIndependent Restaurateur of the Year\u201d, becoming only the third person to have won three Catey awards. [\/vc_column_text][\/vc_column][vc_column width=&#8220;1\/4&#8243;][\/vc_column][\/vc_row][vc_row css=&#8220;.vc_custom_1539822601844{padding-top: 50px !important;padding-bottom: 30px !important;}&#8220;][vc_column width=&#8220;1\/5&#8243;][vc_single_image image=&#8220;2752&#8243; img_size=&#8220;full&#8220;][\/vc_column][vc_column width=&#8220;1\/5&#8243;][vc_single_image image=&#8220;2751&#8243; img_size=&#8220;full&#8220;][\/vc_column][vc_column width=&#8220;1\/5&#8243;][vc_single_image image=&#8220;2750&#8243; img_size=&#8220;full&#8220;][\/vc_column][vc_column width=&#8220;1\/5&#8243;][vc_single_image image=&#8220;2753&#8243; img_size=&#8220;full&#8220;][\/vc_column][vc_column width=&#8220;1\/5&#8243;][vc_single_image image=&#8220;2754&#8243; img_size=&#8220;full&#8220;][\/vc_column][\/vc_row]<\/p>\n","protected":false},"author":1,"featured_media":0,"parent":0,"menu_order":0,"comment_status":"closed","ping_status":"closed","template":"","meta":{"_mc_calendar":[],"_vp_format_video_url":"","_vp_image_focal_point":[]},"_links":{"self":[{"href":"https:\/\/erlebnisbox.at\/index.php?rest_route=\/wp\/v2\/pages\/1825"}],"collection":[{"href":"https:\/\/erlebnisbox.at\/index.php?rest_route=\/wp\/v2\/pages"}],"about":[{"href":"https:\/\/erlebnisbox.at\/index.php?rest_route=\/wp\/v2\/types\/page"}],"author":[{"embeddable":true,"href":"https:\/\/erlebnisbox.at\/index.php?rest_route=\/wp\/v2\/users\/1"}],"replies":[{"embeddable":true,"href":"https:\/\/erlebnisbox.at\/index.php?rest_route=%2Fwp%2Fv2%2Fcomments&post=1825"}],"version-history":[{"count":6,"href":"https:\/\/erlebnisbox.at\/index.php?rest_route=\/wp\/v2\/pages\/1825\/revisions"}],"predecessor-version":[{"id":2948,"href":"https:\/\/erlebnisbox.at\/index.php?rest_route=\/wp\/v2\/pages\/1825\/revisions\/2948"}],"wp:attachment":[{"href":"https:\/\/erlebnisbox.at\/index.php?rest_route=%2Fwp%2Fv2%2Fmedia&parent=1825"}],"curies":[{"name":"wp","href":"https:\/\/api.w.org\/{rel}","templated":true}]}}